{"id":68,"date":"2023-11-14T12:10:03","date_gmt":"2023-11-14T11:10:03","guid":{"rendered":"https:\/\/mecap.sn\/?page_id=68"},"modified":"2023-11-21T09:06:55","modified_gmt":"2023-11-21T08:06:55","slug":"offres-demplois","status":"publish","type":"page","link":"https:\/\/mecap.sn\/?page_id=68","title":{"rendered":"Offres d&rsquo;Emplois"},"content":{"rendered":"<p>[et_pb_section fb_built=\u00a0\u00bb1&Prime; _builder_version=\u00a0\u00bb4.23.1&Prime; _module_preset=\u00a0\u00bbdefault\u00a0\u00bb top_divider_style=\u00a0\u00bbarrow2&Prime; top_divider_color=\u00a0\u00bb#E06100&Prime; hover_enabled=\u00a0\u00bb0&Prime; global_colors_info=\u00a0\u00bb{}\u00a0\u00bb sticky_enabled=\u00a0\u00bb0&Prime;][et_pb_row _builder_version=\u00a0\u00bb4.23.1&Prime; _module_preset=\u00a0\u00bbdefault\u00a0\u00bb max_width=\u00a0\u00bb963px\u00a0\u00bb global_colors_info=\u00a0\u00bb{}\u00a0\u00bb][et_pb_column type=\u00a0\u00bb4_4&Prime; _builder_version=\u00a0\u00bb4.23.1&Prime; _module_preset=\u00a0\u00bbdefault\u00a0\u00bb global_colors_info=\u00a0\u00bb{}\u00a0\u00bb][et_pb_text _builder_version=\u00a0\u00bb4.23.1&Prime; _module_preset=\u00a0\u00bbdefault\u00a0\u00bb text_font=\u00a0\u00bbArial|700||on|||||\u00a0\u00bb text_font_size=\u00a0\u00bb47px\u00a0\u00bb text_orientation=\u00a0\u00bbcenter\u00a0\u00bb text_text_shadow_style=\u00a0\u00bbpreset3&Prime; global_colors_info=\u00a0\u00bb{}\u00a0\u00bb]<\/p>\n<p>REJOIGNEZ-NOUS<\/p>\n<p>[\/et_pb_text][\/et_pb_column][\/et_pb_row][et_pb_row _builder_version=\u00a0\u00bb4.23.1&Prime; _module_preset=\u00a0\u00bbdefault\u00a0\u00bb global_colors_info=\u00a0\u00bb{}\u00a0\u00bb][et_pb_column type=\u00a0\u00bb4_4&Prime; _builder_version=\u00a0\u00bb4.23.1&Prime; _module_preset=\u00a0\u00bbdefault\u00a0\u00bb global_colors_info=\u00a0\u00bb{}\u00a0\u00bb][et_pb_text _builder_version=\u00a0\u00bb4.23.1&Prime; _module_preset=\u00a0\u00bbdefault\u00a0\u00bb text_font=\u00a0\u00bbArial||||||||\u00a0\u00bb text_font_size=\u00a0\u00bb17px\u00a0\u00bb global_colors_info=\u00a0\u00bb{}\u00a0\u00bb]<\/p>\n<p style=\"text-align: justify;\">La MECAP, <span>offre \u00e0 chaque collaboratrice ou collaborateur l\u2019opportunit\u00e9 de d\u00e9velopper et valoriser ses comp\u00e9tences.<\/span><\/p>\n<p style=\"text-align: justify;\"><span>Etre collaborateur de le MECAP, c\u2019est \u00e9voluer dans un environnement avec un \u00e9ventail de m\u00e9tiers tr\u00e8s large, de v\u00e9ritables opportunit\u00e9s d\u2019\u00e9volution.\u00a0<\/span><\/p>\n<p style=\"text-align: justify;\"><span>Collaborateurs actuels,\u00a0\u00a0jeunes dipl\u00f4m\u00e9s, \u00e9tudiants, nous avons les outils pour accompagner vos aspirations. Contactez-nous pour les d\u00e9couvrir.<\/span><\/p>\n<p>[\/et_pb_text][\/et_pb_column][\/et_pb_row][et_pb_row column_structure=\u00a0\u00bb1_2,1_2&Prime; _builder_version=\u00a0\u00bb4.23.1&Prime; _module_preset=\u00a0\u00bbdefault\u00a0\u00bb global_colors_info=\u00a0\u00bb{}\u00a0\u00bb][et_pb_column type=\u00a0\u00bb1_2&Prime; _builder_version=\u00a0\u00bb4.23.1&Prime; _module_preset=\u00a0\u00bbdefault\u00a0\u00bb global_colors_info=\u00a0\u00bb{}\u00a0\u00bb][et_pb_text _builder_version=\u00a0\u00bb4.23.1&Prime; _module_preset=\u00a0\u00bbdefault\u00a0\u00bb global_colors_info=\u00a0\u00bb{}\u00a0\u00bb]<iframe src=\"https:\/\/www.google.com\/maps\/embed?pb=!1m17!1m12!1m3!1d2294.1354073780612!2d-17.470668730271825!3d14.754349417256607!2m3!1f0!2f0!3f0!3m2!1i1024!2i768!4f13.1!3m2!1m1!2zMTTCsDQ1JzE3LjIiTiAxN8KwMjgnMTAuMSJX!5e0!3m2!1sfr!2ssn!4v1700482908697!5m2!1sfr!2ssn\" width=\"600\" height=\"450\" style=\"border:0;\" allowfullscreen=\"\" loading=\"lazy\" referrerpolicy=\"no-referrer-when-downgrade\"><\/iframe>[\/et_pb_text][\/et_pb_column][et_pb_column type=\u00a0\u00bb1_2&Prime; _builder_version=\u00a0\u00bb4.23.1&Prime; _module_preset=\u00a0\u00bbdefault\u00a0\u00bb global_colors_info=\u00a0\u00bb{}\u00a0\u00bb][et_pb_blurb title=\u00a0\u00bbNOUS TROUVER  :\u00a0\u00bb use_icon=\u00a0\u00bbon\u00a0\u00bb font_icon=\u00a0\u00bb&#xe01d;||divi||400&Prime; icon_color=\u00a0\u00bb#6B6B6B\u00a0\u00bb icon_placement=\u00a0\u00bbleft\u00a0\u00bb _builder_version=\u00a0\u00bb4.23.1&Prime; _module_preset=\u00a0\u00bbdefault\u00a0\u00bb header_level=\u00a0\u00bbh1&Prime; header_font=\u00a0\u00bbArial|700|||||||\u00a0\u00bb body_font=\u00a0\u00bbArial||||||||\u00a0\u00bb body_text_align=\u00a0\u00bbleft\u00a0\u00bb body_font_size=\u00a0\u00bb18px\u00a0\u00bb global_colors_info=\u00a0\u00bb{}\u00a0\u00bb]<\/p>\n<p>&nbsp;<\/p>\n<p>YOFF Mame rane route de l&rsquo;a\u00e9roport<\/p>\n<p>TEL :\u00a0 \u00a0 \u00a0 \u00a0 +221 33 889 53 50<\/p>\n<p>EMAIL : mecaprecrutement@mecap.sn<\/p>\n<p>[\/et_pb_blurb][\/et_pb_column][\/et_pb_row][\/et_pb_section][et_pb_section fb_built=\u00a0\u00bb1&Prime; _builder_version=\u00a0\u00bb4.23.1&Prime; _module_preset=\u00a0\u00bbdefault\u00a0\u00bb bottom_divider_style=\u00a0\u00bbarrow3&Prime; bottom_divider_color=\u00a0\u00bb#E06100&Prime; global_colors_info=\u00a0\u00bb{}\u00a0\u00bb][\/et_pb_section]<\/p>\n","protected":false},"excerpt":{"rendered":"<p>REJOIGNEZ-NOUSLa MECAP, offre \u00e0 chaque collaboratrice ou collaborateur l\u2019opportunit\u00e9 de d\u00e9velopper et valoriser ses comp\u00e9tences. Etre collaborateur de le MECAP, c\u2019est \u00e9voluer dans un environnement avec un \u00e9ventail de m\u00e9tiers tr\u00e8s large, de v\u00e9ritables opportunit\u00e9s d\u2019\u00e9volution.\u00a0 Collaborateurs actuels,\u00a0\u00a0jeunes dipl\u00f4m\u00e9s, \u00e9tudiants, nous avons les outils pour accompagner vos aspirations. Contactez-nous pour les d\u00e9couvrir.&nbsp; YOFF Mame rane [&hellip;]<\/p>\n","protected":false},"author":1,"featured_media":0,"parent":0,"menu_order":0,"comment_status":"closed","ping_status":"closed","template":"","meta":{"_et_pb_use_builder":"on","_et_pb_old_content":"<!-- wp:divi\/placeholder \/-->","_et_gb_content_width":"","footnotes":""},"class_list":["post-68","page","type-page","status-publish","hentry"],"_links":{"self":[{"href":"https:\/\/mecap.sn\/index.php?rest_route=\/wp\/v2\/pages\/68","targetHints":{"allow":["GET"]}}],"collection":[{"href":"https:\/\/mecap.sn\/index.php?rest_route=\/wp\/v2\/pages"}],"about":[{"href":"https:\/\/mecap.sn\/index.php?rest_route=\/wp\/v2\/types\/page"}],"author":[{"embeddable":true,"href":"https:\/\/mecap.sn\/index.php?rest_route=\/wp\/v2\/users\/1"}],"replies":[{"embeddable":true,"href":"https:\/\/mecap.sn\/index.php?rest_route=%2Fwp%2Fv2%2Fcomments&post=68"}],"version-history":[{"count":4,"href":"https:\/\/mecap.sn\/index.php?rest_route=\/wp\/v2\/pages\/68\/revisions"}],"predecessor-version":[{"id":285,"href":"https:\/\/mecap.sn\/index.php?rest_route=\/wp\/v2\/pages\/68\/revisions\/285"}],"wp:attachment":[{"href":"https:\/\/mecap.sn\/index.php?rest_route=%2Fwp%2Fv2%2Fmedia&parent=68"}],"curies":[{"name":"wp","href":"https:\/\/api.w.org\/{rel}","templated":true}]}}