{"id":64,"date":"2023-11-14T12:09:16","date_gmt":"2023-11-14T11:09:16","guid":{"rendered":"https:\/\/mecap.sn\/?page_id=64"},"modified":"2023-11-22T09:47:15","modified_gmt":"2023-11-22T08:47:15","slug":"credits","status":"publish","type":"page","link":"https:\/\/mecap.sn\/?page_id=64","title":{"rendered":"Cr\u00e9dits"},"content":{"rendered":"<p>[et_pb_section fb_built=\u00a0\u00bb1&Prime; _builder_version=\u00a0\u00bb4.23.1&Prime; _module_preset=\u00a0\u00bbdefault\u00a0\u00bb top_divider_style=\u00a0\u00bbarrow3&Prime; top_divider_color=\u00a0\u00bb#E06100&Prime; global_colors_info=\u00a0\u00bb{}\u00a0\u00bb][\/et_pb_section][et_pb_section fb_built=\u00a0\u00bb1&Prime; _builder_version=\u00a0\u00bb4.23.1&Prime; _module_preset=\u00a0\u00bbdefault\u00a0\u00bb custom_margin=\u00a0\u00bb-76px|||||\u00a0\u00bb custom_padding=\u00a0\u00bb7px|||||\u00a0\u00bb global_colors_info=\u00a0\u00bb{}\u00a0\u00bb][et_pb_row _builder_version=\u00a0\u00bb4.23.1&Prime; _module_preset=\u00a0\u00bbdefault\u00a0\u00bb global_colors_info=\u00a0\u00bb{}\u00a0\u00bb][et_pb_column type=\u00a0\u00bb4_4&Prime; _builder_version=\u00a0\u00bb4.23.1&Prime; _module_preset=\u00a0\u00bbdefault\u00a0\u00bb global_colors_info=\u00a0\u00bb{}\u00a0\u00bb][et_pb_text _builder_version=\u00a0\u00bb4.23.1&Prime; _module_preset=\u00a0\u00bbdefault\u00a0\u00bb text_font=\u00a0\u00bbArial|700||on|||||\u00a0\u00bb text_text_color=\u00a0\u00bb#474747&Prime; text_font_size=\u00a0\u00bb55px\u00a0\u00bb text_orientation=\u00a0\u00bbcenter\u00a0\u00bb background_layout=\u00a0\u00bbdark\u00a0\u00bb text_text_shadow_style=\u00a0\u00bbpreset1&Prime; global_colors_info=\u00a0\u00bb{}\u00a0\u00bb]<\/p>\n<p>LES PRODUITS DE CREDIT<\/p>\n<p>[\/et_pb_text][\/et_pb_column][\/et_pb_row][et_pb_row _builder_version=\u00a0\u00bb4.23.1&Prime; _module_preset=\u00a0\u00bbdefault\u00a0\u00bb global_colors_info=\u00a0\u00bb{}\u00a0\u00bb][et_pb_column type=\u00a0\u00bb4_4&Prime; _builder_version=\u00a0\u00bb4.23.1&Prime; _module_preset=\u00a0\u00bbdefault\u00a0\u00bb global_colors_info=\u00a0\u00bb{}\u00a0\u00bb][et_pb_text _builder_version=\u00a0\u00bb4.23.1&Prime; _module_preset=\u00a0\u00bbdefault\u00a0\u00bb text_font=\u00a0\u00bbArial||||||||\u00a0\u00bb text_font_size=\u00a0\u00bb29px\u00a0\u00bb text_orientation=\u00a0\u00bbcenter\u00a0\u00bb global_colors_info=\u00a0\u00bb{}\u00a0\u00bb]<\/p>\n<p>La MECAP, offre des cr\u00e9dits de court, moyen et long termes \u00e0 ses membres :<\/p>\n<p>[\/et_pb_text][\/et_pb_column][\/et_pb_row][\/et_pb_section][et_pb_section fb_built=\u00a0\u00bb1&Prime; _builder_version=\u00a0\u00bb4.23.1&Prime; _module_preset=\u00a0\u00bbdefault\u00a0\u00bb width=\u00a0\u00bb100%\u00a0\u00bb max_width=\u00a0\u00bb100%\u00a0\u00bb custom_margin=\u00a0\u00bb-84px|||||\u00a0\u00bb global_colors_info=\u00a0\u00bb{}\u00a0\u00bb][et_pb_row column_structure=\u00a0\u00bb1_2,1_2&Prime; _builder_version=\u00a0\u00bb4.23.1&Prime; _module_preset=\u00a0\u00bbdefault\u00a0\u00bb max_width=\u00a0\u00bb1996px\u00a0\u00bb custom_margin=\u00a0\u00bb|auto|-116px|auto||\u00a0\u00bb custom_padding=\u00a0\u00bb22px|||||\u00a0\u00bb global_colors_info=\u00a0\u00bb{}\u00a0\u00bb][et_pb_column type=\u00a0\u00bb1_2&Prime; _builder_version=\u00a0\u00bb4.23.1&Prime; _module_preset=\u00a0\u00bbdefault\u00a0\u00bb global_colors_info=\u00a0\u00bb{}\u00a0\u00bb][et_pb_image src=\u00a0\u00bbhttp:\/\/mecap.sn\/wp-content\/uploads\/2023\/11\/credit.png\u00a0\u00bb title_text=\u00a0\u00bbcredit\u00a0\u00bb force_fullwidth=\u00a0\u00bbon\u00a0\u00bb _builder_version=\u00a0\u00bb4.23.1&Prime; _module_preset=\u00a0\u00bbdefault\u00a0\u00bb custom_margin=\u00a0\u00bb100px||100px||false|false\u00a0\u00bb global_colors_info=\u00a0\u00bb{}\u00a0\u00bb][\/et_pb_image][\/et_pb_column][et_pb_column type=\u00a0\u00bb1_2&Prime; _builder_version=\u00a0\u00bb4.23.1&Prime; _module_preset=\u00a0\u00bbdefault\u00a0\u00bb global_colors_info=\u00a0\u00bb{}\u00a0\u00bb][et_pb_text _builder_version=\u00a0\u00bb4.23.1&Prime; _module_preset=\u00a0\u00bbdefault\u00a0\u00bb text_font=\u00a0\u00bbArial||||||||\u00a0\u00bb text_text_color=\u00a0\u00bb#E06100&Prime; text_font_size=\u00a0\u00bb20px\u00a0\u00bb text_line_height=\u00a0\u00bb1.3em\u00a0\u00bb global_colors_info=\u00a0\u00bb{}\u00a0\u00bb]<\/p>\n<p style=\"text-align: center;\"><span style=\"color: #ff6600;\">\u00a0 \u00a0<span style=\"text-decoration: underline;\"><strong>CREDIT COURT TERME<\/strong><\/span><\/span><span style=\"text-decoration: underline;\"><strong><span style=\"color: #ff6600; font-size: 18px; text-decoration: underline;\">\u00a0:<\/span><\/strong><\/span><\/p>\n<p><span style=\"color: #ff6600; font-size: 18px;\">\u00a0 \u00a0 \u00a0 \u00a0<strong>\u2666 CREDIT DEPANNAGE<\/strong><\/span><\/p>\n<p><span style=\"color: #808080; font-size: 18px;\">Le cr\u00e9dit d\u00e9pannage est un cr\u00e9dit \u00e0 court terme octroy\u00e9 pour la satisfaction des besoins ponctuels de l&#8217;emprunteur. Ce cr\u00e9dit permet notamment \u00e0 ses b\u00e9n\u00e9ficiaires de faire face aux impr\u00e9vus de la vie quotidienne et contribue \u00e0 la lutte contre le surendettement des b\u00e9n\u00e9ficiaires aupr\u00e8s des usuriers.<\/span><\/p>\n<p style=\"text-align: justify;\"><span style=\"color: #ff6600;\"><span style=\"color: #ff6600; font-size: 18px;\">\u00a0 \u00a0 \u00a0<strong> \u2666 CREDIT EVENEMENTIEL<\/strong><\/span><\/span><\/p>\n<p style=\"text-align: justify;\"><span style=\"color: #808080;\">Il est destin\u00e9 aux membres qui en expriment le besoin \u00e0 l&rsquo;occasion des \u00e9v\u00e8nements suivants : Tabaski, Korit\u00e9, P\u00e2ques, No\u00ebl et Ouverture des classes.<\/span><\/p>\n<p><span style=\"color: #ff6600;\"><span style=\"color: #ff6600; font-size: 18px;\">\u00a0 \u00a0 \u00a0<strong>\u2666 CREDIT GANALE<\/strong><\/span><\/span><\/p>\n<p style=\"text-align: justify;\"><span style=\"color: #808080;\">Le cr\u00e9dit Ganal\u00e9 est con\u00e7u dans le cadre de la mise en ouvre d&rsquo;actions de marketing pour une meilleure massification du soci\u00e9tariat. C&rsquo;est un cr\u00e9dit de court terme, mis en ouvre de fa\u00e7on ponctuelle par la Direction. Il est octroy\u00e9 des l&rsquo;adh\u00e9sion \u00e0 la MECAP Les frais d&rsquo;adh\u00e9sion sont d\u00e9falqu\u00e9s sur le montant octroy\u00e9<\/span><\/p>\n<p style=\"text-align: justify;\">[\/et_pb_text][\/et_pb_column][\/et_pb_row][\/et_pb_section][et_pb_section fb_built=\u00a0\u00bb1&Prime; _builder_version=\u00a0\u00bb4.23.1&Prime; _module_preset=\u00a0\u00bbdefault\u00a0\u00bb custom_margin=\u00a0\u00bb-148px|||||\u00a0\u00bb bottom_divider_style=\u00a0\u00bbarrow3&Prime; bottom_divider_color=\u00a0\u00bb#E06100&Prime; global_colors_info=\u00a0\u00bb{}\u00a0\u00bb][et_pb_row column_structure=\u00a0\u00bb1_2,1_2&Prime; _builder_version=\u00a0\u00bb4.23.1&Prime; _module_preset=\u00a0\u00bbdefault\u00a0\u00bb max_width=\u00a0\u00bb1738px\u00a0\u00bb min_height=\u00a0\u00bb1043.1px\u00a0\u00bb custom_margin=\u00a0\u00bb32px|auto||auto||\u00a0\u00bb global_colors_info=\u00a0\u00bb{}\u00a0\u00bb][et_pb_column type=\u00a0\u00bb1_2&Prime; _builder_version=\u00a0\u00bb4.23.1&Prime; _module_preset=\u00a0\u00bbdefault\u00a0\u00bb global_colors_info=\u00a0\u00bb{}\u00a0\u00bb][et_pb_image src=\u00a0\u00bbhttp:\/\/mecap.sn\/wp-content\/uploads\/2023\/11\/credit-epargne-tansfert.png\u00a0\u00bb title_text=\u00a0\u00bbcredit-epargne-tansfert\u00a0\u00bb _builder_version=\u00a0\u00bb4.23.1&Prime; _module_preset=\u00a0\u00bbdefault\u00a0\u00bb custom_margin=\u00a0\u00bb150px||150px||true|false\u00a0\u00bb custom_padding=\u00a0\u00bb0px||0px||true|false\u00a0\u00bb global_colors_info=\u00a0\u00bb{}\u00a0\u00bb][\/et_pb_image][\/et_pb_column][et_pb_column type=\u00a0\u00bb1_2&Prime; _builder_version=\u00a0\u00bb4.23.1&Prime; _module_preset=\u00a0\u00bbdefault\u00a0\u00bb global_colors_info=\u00a0\u00bb{}\u00a0\u00bb][et_pb_text _builder_version=\u00a0\u00bb4.23.1&Prime; _module_preset=\u00a0\u00bbdefault\u00a0\u00bb text_font=\u00a0\u00bbArial||||||||\u00a0\u00bb text_font_size=\u00a0\u00bb20px\u00a0\u00bb text_orientation=\u00a0\u00bbcenter\u00a0\u00bb custom_padding=\u00a0\u00bb0px||0px|||\u00a0\u00bb global_colors_info=\u00a0\u00bb{}\u00a0\u00bb]<\/p>\n<p style=\"text-align: center;\"><span style=\"text-decoration: underline;\"><span style=\"color: #ff6600; text-decoration: underline;\"><strong>CREDIT MOYEN TERME<\/strong><strong><span style=\"font-size: 18px;\">\u00a0:<\/span><\/strong><\/span><\/span><\/p>\n<p style=\"text-align: left;\"><strong><span style=\"color: #ff6600; font-size: 18px;\">\u00a0 \u00a0 \u00a0 \u00a0\u2666 CREDIT EQUIPEMENT<\/span><\/strong><\/p>\n<p style=\"text-align: justify;\"><span style=\"color: #808080; font-size: 18px;\"><span>Le Cr\u00e9dit \u00c9quipement est principalement destin\u00e9 \u00e0 l&rsquo;acquisition de mobiliers et mat\u00e9riels domestiques.<\/span><\/span><\/p>\n<p style=\"text-align: justify;\"><span style=\"color: #808080; font-size: 18px;\"><span><strong><span style=\"color: #ff6600; font-size: 18px;\">\u00a0 \u00a0 \u00a0 <\/span><\/strong><\/span><\/span><span style=\"color: #808080; font-size: 18px;\"><span><\/span><\/span><\/p>\n<p>[\/et_pb_text][et_pb_text _builder_version=\u00a0\u00bb4.23.1&Prime; _module_preset=\u00a0\u00bbdefault\u00a0\u00bb text_font=\u00a0\u00bbArial||||||||\u00a0\u00bb text_font_size=\u00a0\u00bb19px\u00a0\u00bb text_line_height=\u00a0\u00bb1.6em\u00a0\u00bb header_font=\u00a0\u00bbArial|||on|||||\u00a0\u00bb header_font_size=\u00a0\u00bb39px\u00a0\u00bb text_orientation=\u00a0\u00bbcenter\u00a0\u00bb custom_margin=\u00a0\u00bb-25px|||||\u00a0\u00bb hover_enabled=\u00a0\u00bb0&Prime; global_colors_info=\u00a0\u00bb{}\u00a0\u00bb sticky_enabled=\u00a0\u00bb0&Prime;]<\/p>\n<ul>\n<li><span style=\"text-decoration: underline;\"><span style=\"color: #ff6600; text-decoration: underline;\"><strong><span style=\"font-size: 18px;\"><span style=\"font-size: 18px;\">CREDIT LONG TERME<\/span><\/span><span style=\"font-size: 18px;\"><span style=\"font-size: 18px;\">\u00a0<\/span><\/span><\/strong><span style=\"font-size: 18px;\"><strong><span style=\"font-size: 18px;\"><\/span><span style=\"font-size: 18px;\">: <\/span><\/strong><\/span><\/span><\/span><\/li>\n<\/ul>\n<p style=\"text-align: justify;\"><span style=\"color: #808080; font-size: 18px;\"><span><strong><span style=\"color: #ff6600; font-size: 18px;\">\u00a0 \u00a0 \u00a0 \u00a0\u2666 PLAN EPARGNE EQUIPEMENT<\/span><\/strong><\/span><\/span><\/p>\n<p style=\"text-align: justify;\"><span style=\"color: #808080;\"><span>Le Plan Epargne Equipement (PEE) est un cr\u00e9dit long terme destin\u00e9 \u00e0 financer les besoins d&rsquo;investissement des membres : \u00e9quipement domestique, acquisition de terrain, travaux de b\u00e2timent, achat de v\u00e9hicule etc.<\/span><br \/><span>L&rsquo;octroi du cr\u00e9dit est pr\u00e9c\u00e9d\u00e9 d&rsquo;une phase d&rsquo;\u00e9pargne mensuelle pr\u00e9alable sur une dur\u00e9e de trois (3) mois. Le montant mensuel \u00e9pargn\u00e9 est \u00e9quivalent \u00e0 l&rsquo;\u00e9ch\u00e9ance mensuelle de remboursement du cr\u00e9dit sollicit\u00e9. Ce cr\u00e9dit est autoris\u00e9 par le comit\u00e9 comp\u00e9tent selon le montant.<\/span><\/span><\/p>\n<p style=\"text-align: justify;\"><span style=\"color: #808080;\"><span><span style=\"color: #808080; font-size: 18px;\"><strong><span style=\"color: #ff6600; font-size: 18px;\">\u00a0 \u00a0 \u00a0 \u00a0\u2666 CREDIT URGENCE<\/span><\/strong><\/span><\/span><\/span><\/p>\n<p style=\"text-align: justify;\"><span style=\"color: #808080;\"><span style=\"font-size: 18px;\"><span style=\"font-size: 18px;\"><span>Le cr\u00e9dit Urgence est un cr\u00e9dit de moyen ou long terme destin\u00e9 \u00e0 couvrir les d\u00e9penses d&rsquo;extr\u00eame urgence justifi\u00e9es (sant\u00e9, cas sociaux, contentieux, inscriptions scolaires, divers impr\u00e9vus) des membres de la MECAP. Il s&rsquo;inscrit dans le cadre de la lutte contre le surendettement et l&rsquo;endettement anarchique.<\/span><\/span><\/span><\/span><\/p>\n<p style=\"text-align: justify;\"><span style=\"color: #808080;\"><span style=\"font-size: 18px;\"><span style=\"font-size: 18px;\"><span><span style=\"color: #808080; font-size: 18px;\"><strong><span style=\"color: #ff6600; font-size: 18px;\">\u00a0 \u00a0 \u00a0 \u00a0\u2666 RACHAT DE DETTE ( DOMICILIATION )<\/span><\/strong><\/span><\/span><\/span><\/span><\/span><\/p>\n<p style=\"text-align: justify;\"><span style=\"color: #808080;\"><span style=\"font-size: 18px;\"><span style=\"font-size: 18px;\"><span style=\"font-size: 18px;\"><span style=\"font-size: 18px;\"><span>Le rachat de dettes est un processus d&rsquo;accompagnement des membres de la MECAP dans le suivi et la maitrise de leur endettement<\/span><\/span><\/span><\/span><\/span><\/span><\/p>\n<p style=\"text-align: justify;\"><span style=\"color: #808080;\"><span style=\"font-size: 18px;\"><span style=\"font-size: 18px;\"><span style=\"font-size: 18px;\"><span style=\"font-size: 18px;\"><span><span style=\"color: #808080; font-size: 18px;\"><strong><span style=\"color: #ff6600; font-size: 18px;\">\u00a0 \u00a0 \u00a0\u2666\u00a0 CREDIT AGR ( Activit\u00e9s G\u00e9n\u00e9ratrices\u00a0 de revenus )<\/span><\/strong><\/span><\/span><\/span><\/span><\/span><\/span><\/span><\/p>\n<p style=\"text-align: justify;\"><span style=\"color: #808080;\"><span style=\"font-size: 18px;\"><span style=\"font-size: 18px;\"><span style=\"font-size: 18px;\"><span style=\"font-size: 18px;\"><span style=\"font-size: 18px;\"><span style=\"font-size: 18px;\">Ce cr\u00e9dit court terme concerne les individus comme groupement ayant une activit\u00e9 commerciale. Ce cr\u00e9dit rentre dans le cadre de la diversification des produits de la MECAP afin de prendre en charge les besoins en services financiers des micro-entrepreneur.<\/span><\/span><\/span><\/span><\/span><\/span><\/span><\/p>\n<p style=\"text-align: justify;\"><span style=\"color: #808080;\"><span style=\"font-size: 18px;\"><span style=\"font-size: 18px;\"><span style=\"font-size: 18px;\"><span style=\"font-size: 18px;\"><span style=\"font-size: 18px;\"><span style=\"font-size: 18px;\">Il permettra \u00e0 ces derniers de d\u00e9velopper des activit\u00e9s g\u00e9n\u00e9ratrices de revenus ( <span style=\"color: #ff6600;\">Investissement, petit commerce, transformation, embouche, maraichage, agriculture, p\u00eache, artisanat<\/span> )<\/span><\/span><\/span><\/span><\/span><\/span><\/span><\/p>\n<p style=\"text-align: justify;\"><span style=\"color: #808080;\"><span style=\"font-size: 18px;\"><span style=\"font-size: 18px;\"><span style=\"font-size: 18px;\"><span style=\"font-size: 18px;\"><span style=\"font-size: 18px;\"><span style=\"font-size: 18px;\"><span><span style=\"color: #808080; font-size: 18px;\"><strong><span style=\"color: #ff6600; font-size: 18px;\">\u00a0 \u00a0 \u00a0\u2666 CREDIT CASH CONFORT (3 C)<\/span><\/strong><\/span><\/span><\/span><\/span><\/span><\/span><\/span><\/span><\/span><\/p>\n<p style=\"text-align: justify;\"><span style=\"color: #808080;\"><span style=\"font-size: 18px;\"><span style=\"font-size: 18px;\"><span style=\"font-size: 18px;\"><span style=\"font-size: 18px;\"><span style=\"font-size: 18px;\"><span style=\"font-size: 18px;\"><span style=\"font-size: 18px;\"><span style=\"font-size: 18px;\">L&rsquo;objectif du cr\u00e9dit 3C est d&rsquo;accompagner les soci\u00e9taires de la MECAP \u00e9ligibles \u00e0 :<\/span><\/span><\/span><\/span><\/span><\/span><\/span><\/span><\/span><\/p>\n<ul>\n<li style=\"text-align: justify;\"><span style=\"color: #808080;\"><span style=\"font-size: 18px;\"><span style=\"font-size: 18px;\"><span style=\"font-size: 18px;\"><span style=\"font-size: 18px;\"><span style=\"font-size: 18px;\"><span style=\"font-size: 18px;\"><span style=\"font-size: 18px;\"><span style=\"font-size: 18px;\"><span>Acqu\u00e9rir un terrain ;<\/span><\/span><\/span><\/span><\/span><\/span><\/span><\/span><\/span><\/span><\/li>\n<li style=\"text-align: justify;\"><span style=\"color: #808080;\"><span style=\"font-size: 18px;\"><span style=\"font-size: 18px;\"><span style=\"font-size: 18px;\"><span style=\"font-size: 18px;\"><span style=\"font-size: 18px;\"><span style=\"font-size: 18px;\"><span style=\"font-size: 18px;\"><span style=\"font-size: 18px;\"><span>Construire un logement ;<\/span><\/span><\/span><\/span><\/span><\/span><\/span><\/span><\/span><\/span><\/li>\n<li style=\"text-align: justify;\"><span style=\"color: #808080;\"><span style=\"font-size: 18px;\"><span style=\"font-size: 18px;\"><span style=\"font-size: 18px;\"><span style=\"font-size: 18px;\"><span style=\"font-size: 18px;\"><span style=\"font-size: 18px;\"><span style=\"font-size: 18px;\"><span style=\"font-size: 18px;\"><span>Proc\u00e9der \u00e0 des travaux d&rsquo;extension ou de finition de logement ;<\/span><\/span><\/span><\/span><\/span><\/span><\/span><\/span><\/span><\/span><\/li>\n<li style=\"text-align: justify;\"><span style=\"color: #808080;\"><span style=\"font-size: 18px;\"><span style=\"font-size: 18px;\"><span style=\"font-size: 18px;\"><span style=\"font-size: 18px;\"><span style=\"font-size: 18px;\"><span style=\"font-size: 18px;\"><span style=\"font-size: 18px;\"><span style=\"font-size: 18px;\"><span>Acqu\u00e9rir un v\u00e9hicule<\/span><\/span><\/span><\/span><\/span><\/span><\/span><\/span><\/span><\/span><\/li>\n<li style=\"text-align: justify;\"><span style=\"color: #808080;\"><span style=\"font-size: 18px;\"><span style=\"font-size: 18px;\"><span style=\"font-size: 18px;\"><span style=\"font-size: 18px;\"><span style=\"font-size: 18px;\"><span style=\"font-size: 18px;\"><span style=\"font-size: 18px;\"><span style=\"font-size: 18px;\"><span>Acqu\u00e9rir des \u00e9quipements<\/span><\/span><\/span><\/span><\/span><\/span><\/span><\/span><\/span><\/span><\/li>\n<li style=\"text-align: justify;\"><span style=\"color: #808080;\"><span style=\"font-size: 18px;\"><span style=\"font-size: 18px;\"><span style=\"font-size: 18px;\"><span style=\"font-size: 18px;\"><span style=\"font-size: 18px;\"><span style=\"font-size: 18px;\"><span style=\"font-size: 18px;\"><span style=\"font-size: 18px;\"><span>Tout autre besoin l\u00e9gal<\/span><\/span><\/span><\/span><\/span><\/span><\/span><\/span><\/span><\/span><\/li>\n<\/ul>\n<p style=\"text-align: justify;\"><span style=\"color: #808080;\"><span style=\"font-size: 18px;\"><span style=\"font-size: 18px;\"><span style=\"font-size: 18px;\"><span style=\"font-size: 18px;\"><span style=\"font-size: 18px;\"><span style=\"font-size: 18px;\"><span style=\"font-size: 18px;\"><span style=\"font-size: 18px;\"><\/span><\/span><\/span><\/span><\/span><\/span><\/span><\/span><\/span><\/p>\n<p style=\"text-align: justify;\">[\/et_pb_text][\/et_pb_column][\/et_pb_row][et_pb_row _builder_version=\u00a0\u00bb4.23.1&Prime; _module_preset=\u00a0\u00bbdefault\u00a0\u00bb global_colors_info=\u00a0\u00bb{}\u00a0\u00bb][et_pb_column type=\u00a0\u00bb4_4&Prime; _builder_version=\u00a0\u00bb4.23.1&Prime; _module_preset=\u00a0\u00bbdefault\u00a0\u00bb global_colors_info=\u00a0\u00bb{}\u00a0\u00bb][et_pb_text _builder_version=\u00a0\u00bb4.23.1&Prime; _module_preset=\u00a0\u00bbdefault\u00a0\u00bb text_font=\u00a0\u00bbArial|700||on|||||\u00a0\u00bb text_font_size=\u00a0\u00bb34px\u00a0\u00bb text_orientation=\u00a0\u00bbcenter\u00a0\u00bb global_colors_info=\u00a0\u00bb{}\u00a0\u00bb]<\/p>\n<p>LA MECAP\u00a0 VOUS REMERCIE<\/p>\n<p>[\/et_pb_text][\/et_pb_column][\/et_pb_row][\/et_pb_section]<\/p>\n","protected":false},"excerpt":{"rendered":"<p>LES PRODUITS DE CREDITLa MECAP, offre des cr\u00e9dits de court, moyen et long termes \u00e0 ses membres :\u00a0 \u00a0CREDIT COURT TERME\u00a0: \u00a0 \u00a0 \u00a0 \u00a0\u2666 CREDIT DEPANNAGE Le cr\u00e9dit d\u00e9pannage est un cr\u00e9dit \u00e0 court terme octroy\u00e9 pour la satisfaction des besoins ponctuels de l&#8217;emprunteur. Ce cr\u00e9dit permet notamment \u00e0 ses b\u00e9n\u00e9ficiaires de faire face [&hellip;]<\/p>\n","protected":false},"author":1,"featured_media":0,"parent":0,"menu_order":0,"comment_status":"closed","ping_status":"closed","template":"","meta":{"_et_pb_use_builder":"on","_et_pb_old_content":"<!-- wp:divi\/placeholder \/-->","_et_gb_content_width":"","footnotes":""},"class_list":["post-64","page","type-page","status-publish","hentry"],"_links":{"self":[{"href":"https:\/\/mecap.sn\/index.php?rest_route=\/wp\/v2\/pages\/64","targetHints":{"allow":["GET"]}}],"collection":[{"href":"https:\/\/mecap.sn\/index.php?rest_route=\/wp\/v2\/pages"}],"about":[{"href":"https:\/\/mecap.sn\/index.php?rest_route=\/wp\/v2\/types\/page"}],"author":[{"embeddable":true,"href":"https:\/\/mecap.sn\/index.php?rest_route=\/wp\/v2\/users\/1"}],"replies":[{"embeddable":true,"href":"https:\/\/mecap.sn\/index.php?rest_route=%2Fwp%2Fv2%2Fcomments&post=64"}],"version-history":[{"count":9,"href":"https:\/\/mecap.sn\/index.php?rest_route=\/wp\/v2\/pages\/64\/revisions"}],"predecessor-version":[{"id":289,"href":"https:\/\/mecap.sn\/index.php?rest_route=\/wp\/v2\/pages\/64\/revisions\/289"}],"wp:attachment":[{"href":"https:\/\/mecap.sn\/index.php?rest_route=%2Fwp%2Fv2%2Fmedia&parent=64"}],"curies":[{"name":"wp","href":"https:\/\/api.w.org\/{rel}","templated":true}]}}