{"id":121,"date":"2023-11-14T14:38:51","date_gmt":"2023-11-14T13:38:51","guid":{"rendered":"https:\/\/mecap.sn\/?page_id=121"},"modified":"2025-02-04T16:54:13","modified_gmt":"2025-02-04T15:54:13","slug":"devenir-membre","status":"publish","type":"page","link":"http:\/\/mecap.sn\/?page_id=121","title":{"rendered":"Devenir Membre"},"content":{"rendered":"<p>[et_pb_section fb_built=\u00a0\u00bb1&Prime; inner_shadow=\u00a0\u00bbon\u00a0\u00bb _builder_version=\u00a0\u00bb4.23.1&Prime; _module_preset=\u00a0\u00bbdefault\u00a0\u00bb top_divider_style=\u00a0\u00bbarrow2&Prime; top_divider_color=\u00a0\u00bb#E06100&Prime; global_colors_info=\u00a0\u00bb{}\u00a0\u00bb][et_pb_row _builder_version=\u00a0\u00bb4.23.1&Prime; _module_preset=\u00a0\u00bbdefault\u00a0\u00bb max_width=\u00a0\u00bb1325px\u00a0\u00bb global_colors_info=\u00a0\u00bb{}\u00a0\u00bb][et_pb_column type=\u00a0\u00bb4_4&Prime; _builder_version=\u00a0\u00bb4.23.1&Prime; _module_preset=\u00a0\u00bbdefault\u00a0\u00bb global_colors_info=\u00a0\u00bb{}\u00a0\u00bb][et_pb_button button_url=\u00a0\u00bb#\u00a0\u00bb button_text=\u00a0\u00bbCONDITIONS D&rsquo;ADHESION\u00a0\u00bb button_alignment=\u00a0\u00bbcenter\u00a0\u00bb _builder_version=\u00a0\u00bb4.23.1&Prime; _module_preset=\u00a0\u00bbdefault\u00a0\u00bb custom_button=\u00a0\u00bbon\u00a0\u00bb button_text_size=\u00a0\u00bb28px\u00a0\u00bb button_text_color=\u00a0\u00bb#242424&Prime; button_bg_color=\u00a0\u00bb#E06100&Prime; button_border_color=\u00a0\u00bb#000000&Prime; button_border_radius=\u00a0\u00bb21px\u00a0\u00bb button_letter_spacing=\u00a0\u00bb6px\u00a0\u00bb button_font=\u00a0\u00bbArial|700||on|||||\u00a0\u00bb button_icon=\u00a0\u00bb&#x3f;||divi||400&Prime; button_text_shadow_style=\u00a0\u00bbpreset1&Prime; box_shadow_style=\u00a0\u00bbpreset6&Prime; global_colors_info=\u00a0\u00bb{}\u00a0\u00bb][\/et_pb_button][\/et_pb_column][\/et_pb_row][et_pb_row _builder_version=\u00a0\u00bb4.23.1&Prime; _module_preset=\u00a0\u00bbdefault\u00a0\u00bb width=\u00a0\u00bb82%\u00a0\u00bb max_width=\u00a0\u00bb924px\u00a0\u00bb module_alignment=\u00a0\u00bbcenter\u00a0\u00bb global_colors_info=\u00a0\u00bb{}\u00a0\u00bb][et_pb_column type=\u00a0\u00bb4_4&Prime; _builder_version=\u00a0\u00bb4.23.1&Prime; _module_preset=\u00a0\u00bbdefault\u00a0\u00bb global_colors_info=\u00a0\u00bb{}\u00a0\u00bb][et_pb_text _builder_version=\u00a0\u00bb4.23.1&Prime; _module_preset=\u00a0\u00bbdefault\u00a0\u00bb text_font=\u00a0\u00bbArial||||||||\u00a0\u00bb text_text_color=\u00a0\u00bb#474747&Prime; text_font_size=\u00a0\u00bb18px\u00a0\u00bb global_colors_info=\u00a0\u00bb{}\u00a0\u00bb]<\/p>\n<p style=\"text-align: justify;\">La politique de cr\u00e9dit et d&rsquo;\u00e9pargne retrace les grandes orientations de la Mecap en mati\u00e8re de services d&rsquo;\u00e9pargne et de cr\u00e9dit.<\/p>\n<p style=\"text-align: justify;\">Ces produits et services sont destin\u00e9es principalement aux :<\/p>\n<ul style=\"text-align: justify;\">\n<li><span style=\"color: #ff6600;\">Agents du Secteur Public et Parapublic et Priv\u00e9 en activit\u00e9 et Retrait\u00e9s<\/span><\/li>\n<li><span style=\"color: #ff6600;\">Personnes qui m\u00e9nent des activit\u00e9s g\u00e9n\u00e9ratrices de revenus<\/span><\/li>\n<li><span style=\"color: #ff6600;\">Petites et Moyennes entreprises<\/span><\/li>\n<\/ul>\n<h4 style=\"text-align: justify;\">Le Membres doit verser <strong>15 000<\/strong> FCFA r\u00e9partis comme suit :<\/h4>\n<p style=\"text-align: justify;\"><span style=\"font-size: 18px;\">7500 FCFA part sociale<\/span><\/p>\n<p style=\"text-align: justify;\">2500 FCFA Fonds de s\u00e9curit\u00e9<span style=\"font-size: 18px;\"><\/span><\/p>\n<p style=\"text-align: justify;\"><span style=\"font-size: 18px;\">5000 FCFA de droit d&rsquo;adh\u00e9sion en fournissant :\u00a0<\/span><\/p>\n<p style=\"text-align: justify;\"><span style=\"color: #ff6600;\">1-\u00a0 2 photos d&rsquo;identit\u00e9<span style=\"font-size: 18px;\"><\/span><\/span><\/p>\n<p style=\"text-align: justify;\"><span style=\"color: #ff6600;\">2-\u00a0 1 photocopie du dernier bulletin de salaire<\/span><\/p>\n<p style=\"text-align: justify;\"><span style=\"color: #ff6600;\">3-\u00a0 1 photocopie\u00a0 de la pi\u00e8ce d&rsquo;identit\u00e9<\/span><\/p>\n<p style=\"text-align: justify;\"><span style=\"color: #ff6600;\">4-\u00a0 1 justificatif de domicile ( certificat de domicile ou r\u00e9sidence ou facture d&rsquo;\u00e9lectricit\u00e9 ou au nom du membre ).<\/span><\/p>\n<p>[\/et_pb_text][\/et_pb_column][\/et_pb_row][\/et_pb_section][et_pb_section fb_built=\u00a0\u00bb1&Prime; _builder_version=\u00a0\u00bb4.23.1&Prime; _module_preset=\u00a0\u00bbdefault\u00a0\u00bb custom_padding=\u00a0\u00bb0px|||||\u00a0\u00bb bottom_divider_style=\u00a0\u00bbarrow3&Prime; bottom_divider_color=\u00a0\u00bb#E06100&Prime; global_colors_info=\u00a0\u00bb{}\u00a0\u00bb][et_pb_row _builder_version=\u00a0\u00bb4.23.1&Prime; _module_preset=\u00a0\u00bbdefault\u00a0\u00bb global_colors_info=\u00a0\u00bb{}\u00a0\u00bb][et_pb_column type=\u00a0\u00bb4_4&Prime; _builder_version=\u00a0\u00bb4.23.1&Prime; _module_preset=\u00a0\u00bbdefault\u00a0\u00bb global_colors_info=\u00a0\u00bb{}\u00a0\u00bb][\/et_pb_column][\/et_pb_row][\/et_pb_section]<\/p>\n","protected":false},"excerpt":{"rendered":"<p>La politique de cr\u00e9dit et d&rsquo;\u00e9pargne retrace les grandes orientations de la Mecap en mati\u00e8re de services d&rsquo;\u00e9pargne et de cr\u00e9dit. Ces produits et services sont destin\u00e9es principalement aux : Agents du Secteur Public et Parapublic et Priv\u00e9 en activit\u00e9 et Retrait\u00e9s Personnes qui m\u00e9nent des activit\u00e9s g\u00e9n\u00e9ratrices de revenus Petites et Moyennes entreprises Le [&hellip;]<\/p>\n","protected":false},"author":1,"featured_media":0,"parent":0,"menu_order":0,"comment_status":"closed","ping_status":"closed","template":"","meta":{"_et_pb_use_builder":"on","_et_pb_old_content":"<!-- wp:divi\/placeholder \/-->","_et_gb_content_width":"","footnotes":""},"class_list":["post-121","page","type-page","status-publish","hentry"],"_links":{"self":[{"href":"http:\/\/mecap.sn\/index.php?rest_route=\/wp\/v2\/pages\/121","targetHints":{"allow":["GET"]}}],"collection":[{"href":"http:\/\/mecap.sn\/index.php?rest_route=\/wp\/v2\/pages"}],"about":[{"href":"http:\/\/mecap.sn\/index.php?rest_route=\/wp\/v2\/types\/page"}],"author":[{"embeddable":true,"href":"http:\/\/mecap.sn\/index.php?rest_route=\/wp\/v2\/users\/1"}],"replies":[{"embeddable":true,"href":"http:\/\/mecap.sn\/index.php?rest_route=%2Fwp%2Fv2%2Fcomments&post=121"}],"version-history":[{"count":13,"href":"http:\/\/mecap.sn\/index.php?rest_route=\/wp\/v2\/pages\/121\/revisions"}],"predecessor-version":[{"id":361,"href":"http:\/\/mecap.sn\/index.php?rest_route=\/wp\/v2\/pages\/121\/revisions\/361"}],"wp:attachment":[{"href":"http:\/\/mecap.sn\/index.php?rest_route=%2Fwp%2Fv2%2Fmedia&parent=121"}],"curies":[{"name":"wp","href":"https:\/\/api.w.org\/{rel}","templated":true}]}}